{"id":2,"date":"2017-11-15T12:12:53","date_gmt":"2017-11-15T12:12:53","guid":{"rendered":"http:\/\/localhost\/wp\/wp481\/?page_id=2"},"modified":"2026-04-14T18:59:06","modified_gmt":"2026-04-14T18:59:06","slug":"sample-page","status":"publish","type":"page","link":"https:\/\/www.evzen-evzen.cz\/","title":{"rendered":"Aktuality"},"content":{"rendered":"\n<div class=\"wp-block-columns is-layout-flex wp-container-core-columns-is-layout-1 wp-block-columns-is-layout-flex\">\n<div class=\"wp-block-column is-layout-flow wp-block-column-is-layout-flow\">\n<figure class=\"wp-block-image\"><a href=\"https:\/\/www.evzen-evzen.cz\/wp-content\/uploads\/2026\/03\/evzen-program-04_2026-A3-scaled.jpg\"><img decoding=\"async\" src=\"https:\/\/www.evzen-evzen.cz\/wp-content\/uploads\/2026\/03\/evzen-program-04_2026-A3-724x1024.jpg\" alt=\"Tento obr\u00e1zek nem\u00e1 vypln\u011bn\u00fd atribut alt; n\u00e1zev souboru je evzen-program-04_2026-A3-724x1024.jpg.\"\/><\/a><\/figure>\n<\/div>\n\n\n\n<div class=\"wp-block-column is-layout-flow wp-block-column-is-layout-flow\">\n<figure class=\"wp-block-image size-full\"><img loading=\"lazy\" decoding=\"async\" width=\"1810\" height=\"2560\" src=\"https:\/\/www.evzen-evzen.cz\/wp-content\/uploads\/2026\/01\/NOVA-OTEVIRACKA-scaled.jpg\" alt=\"\" class=\"wp-image-828\" srcset=\"https:\/\/www.evzen-evzen.cz\/wp-content\/uploads\/2026\/01\/NOVA-OTEVIRACKA-scaled.jpg 1810w, https:\/\/www.evzen-evzen.cz\/wp-content\/uploads\/2026\/01\/NOVA-OTEVIRACKA-212x300.jpg 212w, https:\/\/www.evzen-evzen.cz\/wp-content\/uploads\/2026\/01\/NOVA-OTEVIRACKA-724x1024.jpg 724w, https:\/\/www.evzen-evzen.cz\/wp-content\/uploads\/2026\/01\/NOVA-OTEVIRACKA-768x1086.jpg 768w, https:\/\/www.evzen-evzen.cz\/wp-content\/uploads\/2026\/01\/NOVA-OTEVIRACKA-1086x1536.jpg 1086w, https:\/\/www.evzen-evzen.cz\/wp-content\/uploads\/2026\/01\/NOVA-OTEVIRACKA-1448x2048.jpg 1448w\" sizes=\"(max-width: 1810px) 100vw, 1810px\" \/><\/figure>\n<\/div>\n\n\n\n<div class=\"wp-block-column is-layout-flow wp-block-column-is-layout-flow\">\n<div class=\"wp-block-group\"><div class=\"wp-block-group__inner-container is-layout-constrained wp-block-group-is-layout-constrained\">\n<figure class=\"wp-block-image size-large\"><a href=\"https:\/\/www.evzen-evzen.cz\/wp-content\/uploads\/2026\/04\/evzen-program-05_2026-A3-scaled.jpg\"><img loading=\"lazy\" decoding=\"async\" width=\"724\" height=\"1024\" src=\"https:\/\/www.evzen-evzen.cz\/wp-content\/uploads\/2026\/04\/evzen-program-05_2026-A3-724x1024.jpg\" alt=\"\" class=\"wp-image-840\" srcset=\"https:\/\/www.evzen-evzen.cz\/wp-content\/uploads\/2026\/04\/evzen-program-05_2026-A3-724x1024.jpg 724w, https:\/\/www.evzen-evzen.cz\/wp-content\/uploads\/2026\/04\/evzen-program-05_2026-A3-212x300.jpg 212w, https:\/\/www.evzen-evzen.cz\/wp-content\/uploads\/2026\/04\/evzen-program-05_2026-A3-768x1086.jpg 768w, https:\/\/www.evzen-evzen.cz\/wp-content\/uploads\/2026\/04\/evzen-program-05_2026-A3-1086x1536.jpg 1086w, https:\/\/www.evzen-evzen.cz\/wp-content\/uploads\/2026\/04\/evzen-program-05_2026-A3-1448x2048.jpg 1448w, https:\/\/www.evzen-evzen.cz\/wp-content\/uploads\/2026\/04\/evzen-program-05_2026-A3-scaled.jpg 1810w\" sizes=\"(max-width: 724px) 100vw, 724px\" \/><\/a><\/figure>\n<\/div><\/div>\n<\/div>\n<\/div>\n","protected":false},"excerpt":{"rendered":"","protected":false},"author":1,"featured_media":799,"parent":0,"menu_order":0,"comment_status":"closed","ping_status":"open","template":"","meta":{"footnotes":""},"_links":{"self":[{"href":"https:\/\/www.evzen-evzen.cz\/index.php\/wp-json\/wp\/v2\/pages\/2"}],"collection":[{"href":"https:\/\/www.evzen-evzen.cz\/index.php\/wp-json\/wp\/v2\/pages"}],"about":[{"href":"https:\/\/www.evzen-evzen.cz\/index.php\/wp-json\/wp\/v2\/types\/page"}],"author":[{"embeddable":true,"href":"https:\/\/www.evzen-evzen.cz\/index.php\/wp-json\/wp\/v2\/users\/1"}],"replies":[{"embeddable":true,"href":"https:\/\/www.evzen-evzen.cz\/index.php\/wp-json\/wp\/v2\/comments?post=2"}],"version-history":[{"count":133,"href":"https:\/\/www.evzen-evzen.cz\/index.php\/wp-json\/wp\/v2\/pages\/2\/revisions"}],"predecessor-version":[{"id":841,"href":"https:\/\/www.evzen-evzen.cz\/index.php\/wp-json\/wp\/v2\/pages\/2\/revisions\/841"}],"wp:featuredmedia":[{"embeddable":true,"href":"https:\/\/www.evzen-evzen.cz\/index.php\/wp-json\/wp\/v2\/media\/799"}],"wp:attachment":[{"href":"https:\/\/www.evzen-evzen.cz\/index.php\/wp-json\/wp\/v2\/media?parent=2"}],"curies":[{"name":"wp","href":"https:\/\/api.w.org\/{rel}","templated":true}]}}